{"id":11,"date":"2021-07-07T16:38:38","date_gmt":"2021-07-07T16:38:38","guid":{"rendered":"http:\/\/www.dry4future.ulpgc.es\/?page_id=11"},"modified":"2022-07-20T13:00:12","modified_gmt":"2022-07-20T13:00:12","slug":"estrategias-de-secado-eficientes-para-mejorar-la-salud-y-el-rendimiento-en-cabras-lecheras-dry4future","status":"publish","type":"page","link":"https:\/\/lpscapra.ulpgc.es\/?page_id=11","title":{"rendered":"Uso de Lipopolisac\u00e1ridos para la mejora de la calidad del calostro en cabras lecheras y del encalostrado en cabritos neonatos (LPSCapra)."},"content":{"rendered":"\n<p><\/p>\n\n\n\n<p>El proyecto \u00abUso de lipopolisac\u00e1ridos para la mejora de la calidad del calostro en cabras lecheras y del encalostrado<br>en cabritos neonatos\u00bb (abreviado como Dry4future), es un proyecto de 2 a\u00f1os y 2 meses de duraci\u00f3n (febrero 2021-abril 2023) financiado por la Consejer\u00eda de Econom\u00eda, Conocimiento y Empleo (Gobierno de Canarias, Espa\u00f1a) y Fondo Europeo de Desarrollo Regional (FEDER, Uni\u00f3n Europea).<\/p>\n\n\n\n<p>Este proyecto se llevar\u00e1 a cabo en el animalario de la Facultad de Veterinaria de la Universidad de Las Palmas de Gran Canaria (ULPGC) y en el Instituto Universitario de Sanidad Animal y Seguridad Alimentaria (IUSA) de la ULPGC. <\/p>\n\n\n\n<p>La raza de cabras elegida para este proyecto es la<a href=\"https:\/\/www.gobiernodecanarias.org\/ganaderia\/temas\/razas_autoctonas\/cabra_majorera.html\"> Majorera<\/a>, una de las tres razas de cabras aut\u00f3ctonas de las Islas Canarias (Espa\u00f1a). Los mayores censos de esta raza se encuentran en las islas de Gran Canaria y Fuerteventura. Esta raza presenta una marcada aptitud lechera, siendo la segunda raza espa\u00f1ola con mayor producci\u00f3n de leche. <\/p>\n\n\n\n<p>El investigador principal de este proyecto es el <a href=\"https:\/\/www.researchgate.net\/profile\/Lorenzo-Hernandez-Castellano\" target=\"_blank\" rel=\"noreferrer noopener\">Dr. Lorenzo E. Hern\u00e1ndez Castellano<\/a>, perteneciente al grupo de <a href=\"https:\/\/accedacris.ulpgc.es\/cris\/ou\/ou00155\" target=\"_blank\" rel=\"noreferrer noopener\">Producci\u00f3n y Biotecnolog\u00eda Animal<\/a> dentro del <a href=\"http:\/\/www.iusa.eu\/\" target=\"_blank\" rel=\"noreferrer noopener\">Instituto Universitario de Sanidad Animal y Seguridad Alimentaria<\/a> (<a href=\"https:\/\/www.ulpgc.es\/\" target=\"_blank\" rel=\"noreferrer noopener\">Universidad de Las Palmas de Gran Canaria<\/a>, Espa\u00f1a).<\/p>\n\n\n\n<p>Esta web es un medio de difusi\u00f3n para investigadores y para la sociedad en general de los resultados y noticias relacionados con el proyecto. En caso de cuestiones relacionadas con el proyecto, no dudes en enviar un email a lorenzo.hernandez@ulpgc.es.  <\/p>\n","protected":false},"excerpt":{"rendered":"<p>El proyecto \u00abUso de lipopolisac\u00e1ridos para la mejora de la calidad del calostro en cabras lecheras y del encalostradoen cabritos neonatos\u00bb (abreviado como Dry4future), es un proyecto de 2 a\u00f1os y 2 meses de duraci\u00f3n (febrero 2021-abril 2023) financiado por la Consejer\u00eda de Econom\u00eda, Conocimiento y Empleo (Gobierno de Canarias, Espa\u00f1a) y Fondo Europeo de [&hellip;]<\/p>\n","protected":false},"author":1,"featured_media":0,"parent":0,"menu_order":0,"comment_status":"closed","ping_status":"closed","template":"","meta":{"_background_id":0,"_xo_background":[],"_ti_tpc_template_sync":false,"_ti_tpc_template_id":"","footnotes":""},"class_list":["post-11","page","type-page","status-publish","hentry"],"_links":{"self":[{"href":"https:\/\/lpscapra.ulpgc.es\/index.php?rest_route=\/wp\/v2\/pages\/11"}],"collection":[{"href":"https:\/\/lpscapra.ulpgc.es\/index.php?rest_route=\/wp\/v2\/pages"}],"about":[{"href":"https:\/\/lpscapra.ulpgc.es\/index.php?rest_route=\/wp\/v2\/types\/page"}],"author":[{"embeddable":true,"href":"https:\/\/lpscapra.ulpgc.es\/index.php?rest_route=\/wp\/v2\/users\/1"}],"replies":[{"embeddable":true,"href":"https:\/\/lpscapra.ulpgc.es\/index.php?rest_route=%2Fwp%2Fv2%2Fcomments&post=11"}],"version-history":[{"count":7,"href":"https:\/\/lpscapra.ulpgc.es\/index.php?rest_route=\/wp\/v2\/pages\/11\/revisions"}],"predecessor-version":[{"id":196,"href":"https:\/\/lpscapra.ulpgc.es\/index.php?rest_route=\/wp\/v2\/pages\/11\/revisions\/196"}],"wp:attachment":[{"href":"https:\/\/lpscapra.ulpgc.es\/index.php?rest_route=%2Fwp%2Fv2%2Fmedia&parent=11"}],"curies":[{"name":"wp","href":"https:\/\/api.w.org\/{rel}","templated":true}]}}