{"id":49,"date":"2021-07-08T10:35:30","date_gmt":"2021-07-08T10:35:30","guid":{"rendered":"http:\/\/www.dry4future.ulpgc.es\/?page_id=49"},"modified":"2024-07-10T10:33:58","modified_gmt":"2024-07-10T10:33:58","slug":"articulos-cientificos","status":"publish","type":"page","link":"https:\/\/lpscapra.ulpgc.es\/?page_id=49","title":{"rendered":"Art\u00edculos cient\u00edficos"},"content":{"rendered":"\n<ol class=\"wp-block-list\">\n<li>Gonz\u00e1lez-Cabrera, M., Torres, A., Salomone-Caballero, M., Castro, N., Arg\u00fcello, A., Hern\u00e1ndez-Castellano L.E. 2024. <em>Intramammary administration of lipopolysaccharides at parturition enhances immunoglobulin concentration in goat colostrum. <\/em>ANIMAL 18 (2): 101082. DOI: 10.1016\/j.animal.2024.101082. <a rel=\"noreferrer noopener\" href=\"https:\/\/lpscapra.ulpgc.es\/wp-content\/uploads\/2024\/07\/1-s2.0-S1751731124000132-main-3.pdf\" data-type=\"URL\" data-id=\"https:\/\/lpscapra.ulpgc.es\/wp-content\/uploads\/2024\/07\/1-s2.0-S1751731124000132-main-3.pdf\" target=\"_blank\">Art\u00edculo en PDF<\/a><\/li>\n\n\n\n<li>Gonz\u00e1lez-Cabrera, M.<em>, \u00c1lvarez, S., Salomone-Caballero, M., Castro, N.<\/em>, Arg\u00fcello, A., Hern\u00e1ndez-Castellano, L.E. 2024. Intramammary administration of lipopolysaccharides at parturition does not affect the transfer of passive immunity in goat kids. Journal of Dairy Science. EN PRENSA\/ACEPTADO. ART\u00cdCULO DISPONIBLE EN BREVE.<\/li>\n<\/ol>\n","protected":false},"excerpt":{"rendered":"","protected":false},"author":1,"featured_media":0,"parent":0,"menu_order":0,"comment_status":"closed","ping_status":"closed","template":"","meta":{"_background_id":0,"_xo_background":[],"_ti_tpc_template_sync":false,"_ti_tpc_template_id":"","footnotes":""},"class_list":["post-49","page","type-page","status-publish","hentry"],"_links":{"self":[{"href":"https:\/\/lpscapra.ulpgc.es\/index.php?rest_route=\/wp\/v2\/pages\/49"}],"collection":[{"href":"https:\/\/lpscapra.ulpgc.es\/index.php?rest_route=\/wp\/v2\/pages"}],"about":[{"href":"https:\/\/lpscapra.ulpgc.es\/index.php?rest_route=\/wp\/v2\/types\/page"}],"author":[{"embeddable":true,"href":"https:\/\/lpscapra.ulpgc.es\/index.php?rest_route=\/wp\/v2\/users\/1"}],"replies":[{"embeddable":true,"href":"https:\/\/lpscapra.ulpgc.es\/index.php?rest_route=%2Fwp%2Fv2%2Fcomments&post=49"}],"version-history":[{"count":2,"href":"https:\/\/lpscapra.ulpgc.es\/index.php?rest_route=\/wp\/v2\/pages\/49\/revisions"}],"predecessor-version":[{"id":274,"href":"https:\/\/lpscapra.ulpgc.es\/index.php?rest_route=\/wp\/v2\/pages\/49\/revisions\/274"}],"wp:attachment":[{"href":"https:\/\/lpscapra.ulpgc.es\/index.php?rest_route=%2Fwp%2Fv2%2Fmedia&parent=49"}],"curies":[{"name":"wp","href":"https:\/\/api.w.org\/{rel}","templated":true}]}}