{"id":51,"date":"2021-07-08T10:36:12","date_gmt":"2021-07-08T10:36:12","guid":{"rendered":"http:\/\/www.dry4future.ulpgc.es\/?page_id=51"},"modified":"2024-07-10T11:38:18","modified_gmt":"2024-07-10T11:38:18","slug":"articulos-de-divulgacion","status":"publish","type":"page","link":"https:\/\/lpscapra.ulpgc.es\/?page_id=51","title":{"rendered":"Art\u00edculos de divulgaci\u00f3n"},"content":{"rendered":"\n<ol class=\"wp-block-list\">\n<li>Marta Gonz\u00e1lez Cabrera, Mario Salomone Caballero, Alexandr Torres Krupij, Anastasio Arg\u00fcello, Noemi Castro y Lorenzo E. Hern\u00e1ndez Castellano. Estrategias de manejo antes y durante el parto para mejorar la producci\u00f3n de calostro y leche en ganado caprino. Revista Agropalca n \u00ba 58, pag.31, 2022. <a href=\"https:\/\/lpscapra.ulpgc.es\/wp-content\/uploads\/2023\/01\/Paginas-desdeREVISTA-AGROPALCA-58.pdf\">Art\u00edculo en PDF<\/a><\/li>\n<\/ol>\n","protected":false},"excerpt":{"rendered":"","protected":false},"author":1,"featured_media":0,"parent":0,"menu_order":0,"comment_status":"closed","ping_status":"closed","template":"","meta":{"_background_id":0,"_xo_background":[],"_ti_tpc_template_sync":false,"_ti_tpc_template_id":"","footnotes":""},"class_list":["post-51","page","type-page","status-publish","hentry"],"_links":{"self":[{"href":"https:\/\/lpscapra.ulpgc.es\/index.php?rest_route=\/wp\/v2\/pages\/51"}],"collection":[{"href":"https:\/\/lpscapra.ulpgc.es\/index.php?rest_route=\/wp\/v2\/pages"}],"about":[{"href":"https:\/\/lpscapra.ulpgc.es\/index.php?rest_route=\/wp\/v2\/types\/page"}],"author":[{"embeddable":true,"href":"https:\/\/lpscapra.ulpgc.es\/index.php?rest_route=\/wp\/v2\/users\/1"}],"replies":[{"embeddable":true,"href":"https:\/\/lpscapra.ulpgc.es\/index.php?rest_route=%2Fwp%2Fv2%2Fcomments&post=51"}],"version-history":[{"count":2,"href":"https:\/\/lpscapra.ulpgc.es\/index.php?rest_route=\/wp\/v2\/pages\/51\/revisions"}],"predecessor-version":[{"id":267,"href":"https:\/\/lpscapra.ulpgc.es\/index.php?rest_route=\/wp\/v2\/pages\/51\/revisions\/267"}],"wp:attachment":[{"href":"https:\/\/lpscapra.ulpgc.es\/index.php?rest_route=%2Fwp%2Fv2%2Fmedia&parent=51"}],"curies":[{"name":"wp","href":"https:\/\/api.w.org\/{rel}","templated":true}]}}