{"id":53,"date":"2021-07-08T10:37:06","date_gmt":"2021-07-08T10:37:06","guid":{"rendered":"http:\/\/www.dry4future.ulpgc.es\/?page_id=53"},"modified":"2024-10-01T10:08:16","modified_gmt":"2024-10-01T10:08:16","slug":"comunicaciones-en-congresos","status":"publish","type":"page","link":"https:\/\/lpscapra.ulpgc.es\/?page_id=53","title":{"rendered":"Comunicaciones en congresos"},"content":{"rendered":"\n<ol class=\"wp-block-list\">\n<li>Gonz\u00e1lez-Cabrera, M., Castro, N., Salomone-Caballero, M., Torres, A., \u00c1lvarez, S., Arg\u00fcello, A., Hern\u00e1ndez-Castellano, L.E. 2022. Administraci\u00f3n intramamaria de lipopolisac\u00e1ridos en cabras tras el parto no afecta el volumen y composici\u00f3n qu\u00edmica del calostro o la leche durante los primeros 7 d\u00edas, pero aumenta la concentraci\u00f3n de c\u00e9lulas som\u00e1ticas. XII Foro Nacional de Caprino celebrado en Huelva (Espa\u00f1a) los d\u00edas 30 de junio y 1 de julio de 2022.     <a rel=\"noreferrer noopener\" href=\"https:\/\/lpscapra.ulpgc.es\/wp-content\/uploads\/2022\/07\/Modelo-Resumen-FORO-IGA.pdf\" data-type=\"URL\" data-id=\"https:\/\/lpscapra.ulpgc.es\/wp-content\/uploads\/2022\/07\/Modelo-Resumen-FORO-IGA.pdf\" target=\"_blank\">Resumen en PDF<\/a><\/li>\n\n\n\n<li>Gonz\u00e1lez-Cabrera M, Salomone-Caballero M, Arg\u00fcello A, Castro N, Hern\u00e1ndez-Castellano LE. Intramammary administration of lipopolysaccharides at parturition on goat immune system and colostrum composition. 1<sup>st<\/sup> International Scientific Meeting on Colostrum celebrado en Gran Canaria (Espa\u00f1a) los dias 16, 17 y 18 de noviembre de 2022.  <a rel=\"noreferrer noopener\" href=\"https:\/\/lpscapra.ulpgc.es\/wp-content\/uploads\/2023\/01\/Paginas-desdebook-of-abstracts-v3.pdf\" target=\"_blank\">Resumen en PDF<\/a><\/li>\n\n\n\n<li>Gonz\u00e1lez-Cabrera M., Castro N., Salomone-Caballero M., Torres A., \u00c1lvarez S., Hern\u00e1ndez-Castellano L.E. Intramammary administration of lipopolysaccharides at parturition on goat colostrum and milk quality. 73rd EAAP (European Federation of Animal Science) Annual Meeting. Celebrado en Oporto (Portugal) los d\u00edas 5, 6, 7, 8 y 9 de septiembre de 2022. <a rel=\"noreferrer noopener\" href=\"https:\/\/lpscapra.ulpgc.es\/wp-content\/uploads\/2023\/01\/Paginas-desde2022-porto-book-of-abstracts.pdf\" target=\"_blank\">Resumen en PDF<\/a><\/li>\n\n\n\n<li>Gonz\u00e1lez-Cabrera M., Petrosillo E., Salomone-Caballero M., Castro N., Arg\u00fcello A., Hern\u00e1ndez-Castellano L.E.Effect of intramammary administration of lipopolysaccharides in dairy goats at parturition on performance and immune status of the offspring. 13th International Conference on Goats. Celebrado en Hungr\u00eda\/Online los d\u00edas 18,19,20,21,22 y 23 de septiembre de 2022. <a rel=\"noreferrer noopener\" href=\"https:\/\/lpscapra.ulpgc.es\/wp-content\/uploads\/2023\/01\/Paginas-desdeICG-abstracts-v5.pdf\" target=\"_blank\">Resumen en PDF<\/a><\/li>\n\n\n\n<li>Gonz\u00e1lez-Cabrera M., Ohouko Okri Fr\u00e9jus Hans, Salomone-Caballero M., Castro N., Arg\u00fcello A., Hern\u00e1ndez-Castellano L.E. Effect of intramammary administration of lipopolysaccharides at parturition on blood, colostrum, and milk IgG concentration. 13th International Conference on Goats. Celebrado en Hungr\u00eda\/Online los d\u00edas 18,19,20,21,22 y 23 de septiembre de 2022. <a rel=\"noreferrer noopener\" href=\"https:\/\/lpscapra.ulpgc.es\/wp-content\/uploads\/2023\/01\/Paginas-desdeICG-abstracts-v5-2.pdf\" target=\"_blank\">Resumen en PDF<\/a><\/li>\n\n\n\n<li>Gonz\u00e1lez-Cabrera, M., Torres A., Salomone-Caballero, M., Castro, N., Arg\u00fcello, A., Hern\u00e1ndez-Castellano, L.E. 2023. Intramammary administration of lipopolysaccharides at parturition affects colostrum quality. 74th EAAP (European Federation of Animal Science) Annual Meeting. Celebrado en Lyon (Francia) los d\u00edas 26, 27, 28, 29, 30, 31 de agosto y 1 de septiembre de 2023. <a rel=\"noreferrer noopener\" href=\"https:\/\/lpscapra.ulpgc.es\/wp-content\/uploads\/2024\/07\/Paginas-desde2023_Lyon_EAAP_Book_Abstracts.pdf\" data-type=\"URL\" data-id=\"https:\/\/lpscapra.ulpgc.es\/wp-content\/uploads\/2024\/07\/Paginas-desde2023_Lyon_EAAP_Book_Abstracts.pdf\" target=\"_blank\">Resumen en PDF<\/a><\/li>\n\n\n\n<li>Gonz\u00e1lez-Cabrera, M., Morales-Delanuez, A., Arg\u00fcello, A., Castro, N., Hern\u00e1ndez-Castellano, L.E. Mammary gland modulation on metabolic and immune status of dairy goats and their offspring. 75th EAAP (European Federation of Animal Science) Annual Meeting. Celebrado en Florencia (Italia) los d\u00edas 1, 2, 3, 4 y 5 de septiembre de 2024. <a href=\"https:\/\/lpscapra.ulpgc.es\/wp-content\/uploads\/2024\/10\/Florence_EAAP_Book_Abstracts.pdf\" target=\"_blank\" rel=\"noreferrer noopener\">Resumen en PDF<\/a><\/li>\n<\/ol>\n","protected":false},"excerpt":{"rendered":"","protected":false},"author":1,"featured_media":0,"parent":0,"menu_order":0,"comment_status":"closed","ping_status":"closed","template":"","meta":{"_background_id":0,"_xo_background":[],"_ti_tpc_template_sync":false,"_ti_tpc_template_id":"","footnotes":""},"class_list":["post-53","page","type-page","status-publish","hentry"],"_links":{"self":[{"href":"https:\/\/lpscapra.ulpgc.es\/index.php?rest_route=\/wp\/v2\/pages\/53"}],"collection":[{"href":"https:\/\/lpscapra.ulpgc.es\/index.php?rest_route=\/wp\/v2\/pages"}],"about":[{"href":"https:\/\/lpscapra.ulpgc.es\/index.php?rest_route=\/wp\/v2\/types\/page"}],"author":[{"embeddable":true,"href":"https:\/\/lpscapra.ulpgc.es\/index.php?rest_route=\/wp\/v2\/users\/1"}],"replies":[{"embeddable":true,"href":"https:\/\/lpscapra.ulpgc.es\/index.php?rest_route=%2Fwp%2Fv2%2Fcomments&post=53"}],"version-history":[{"count":10,"href":"https:\/\/lpscapra.ulpgc.es\/index.php?rest_route=\/wp\/v2\/pages\/53\/revisions"}],"predecessor-version":[{"id":283,"href":"https:\/\/lpscapra.ulpgc.es\/index.php?rest_route=\/wp\/v2\/pages\/53\/revisions\/283"}],"wp:attachment":[{"href":"https:\/\/lpscapra.ulpgc.es\/index.php?rest_route=%2Fwp%2Fv2%2Fmedia&parent=53"}],"curies":[{"name":"wp","href":"https:\/\/api.w.org\/{rel}","templated":true}]}}