{"id":84,"date":"2021-07-10T13:11:15","date_gmt":"2021-07-10T13:11:15","guid":{"rendered":"http:\/\/www.dry4future.ulpgc.es\/?page_id=84"},"modified":"2022-07-20T13:21:23","modified_gmt":"2022-07-20T13:21:23","slug":"personal","status":"publish","type":"page","link":"https:\/\/lpscapra.ulpgc.es\/?page_id=84","title":{"rendered":"Personal"},"content":{"rendered":"\n<p>El personal que integra este proyecto esta compuesto por:<\/p>\n\n\n\n<p><a href=\"https:\/\/www2.ulpgc.es\/index.php?pagina=crrPDI&amp;ver=pdi&amp;consulta=Nzg1MjAzMDI=\" data-type=\"URL\" data-id=\"https:\/\/www2.ulpgc.es\/index.php?pagina=crrPDI&amp;ver=pdi&amp;consulta=Nzg1MjAzMDI=\" target=\"_blank\" rel=\"noreferrer noopener\">Lorenzo Enrique Hern\u00e1ndez Castellano (Universidad de Las Palmas de Gran Canaria)<\/a><\/p>\n\n\n\n<p><a href=\"https:\/\/www2.ulpgc.es\/index.php?pagina=crrPDI&amp;ver=pdi&amp;consulta=NDI4Njg0OTA=\" data-type=\"URL\" data-id=\"https:\/\/www2.ulpgc.es\/index.php?pagina=crrPDI&amp;ver=pdi&amp;consulta=NDI4Njg0OTA=\" target=\"_blank\" rel=\"noreferrer noopener\">Noem\u00ed Castro Navarro (Universidad de Las Palmas de Gran Canaria)<\/a> <\/p>\n\n\n\n<p><a href=\"https:\/\/www2.ulpgc.es\/index.php?pagina=crrPDI&amp;ver=pdi&amp;consulta=NDI4NDI3NzQ=\" data-type=\"URL\" data-id=\"https:\/\/www2.ulpgc.es\/index.php?pagina=crrPDI&amp;ver=pdi&amp;consulta=NDI4NDI3NzQ=\" target=\"_blank\" rel=\"noreferrer noopener\">Anastasio Arg\u00fcello Henr\u00edquez (Universidad de Las Palmas de Gran Canaria)<\/a>  <\/p>\n\n\n\n<p><a href=\"https:\/\/www.researchgate.net\/profile\/Marta-Gonzalez-Cabrera\" data-type=\"URL\" data-id=\"https:\/\/www.researchgate.net\/profile\/Marta-Gonzalez-Cabrera\" target=\"_blank\" rel=\"noreferrer noopener\">Marta Gonz\u00e1lez Cabrera (Universidad de Las Palmas de Gran Canaria)<\/a>  <\/p>\n\n\n\n<p><a href=\"https:\/\/www.researchgate.net\/profile\/A-Torres-5\" data-type=\"URL\" data-id=\"https:\/\/www.researchgate.net\/profile\/A-Torres-5\" target=\"_blank\" rel=\"noreferrer noopener\">Alexandr Torres Krupij (Instituto Canario de Investigaciones Agrarias)<\/a><\/p>\n\n\n\n<p><a href=\"https:\/\/www.icia.es\/icia\/index.php?searchword=sergio%20%C3%A1lvarez%20rios&amp;searchphrase=all&amp;Itemid=100060&amp;option=com_search\" data-type=\"URL\" data-id=\"https:\/\/www.icia.es\/icia\/index.php?searchword=sergio%20%C3%A1lvarez%20rios&amp;searchphrase=all&amp;Itemid=100060&amp;option=com_search\" target=\"_blank\" rel=\"noreferrer noopener\">Sergio \u00c1lvarez Rios (Instituto Canario de Investigaciones Agrarias)<\/a><\/p>\n","protected":false},"excerpt":{"rendered":"<p>El personal que integra este proyecto esta compuesto por: Lorenzo Enrique Hern\u00e1ndez Castellano (Universidad de Las Palmas de Gran Canaria) Noem\u00ed Castro Navarro (Universidad de Las Palmas de Gran Canaria) Anastasio Arg\u00fcello Henr\u00edquez (Universidad de Las Palmas de Gran Canaria) Marta Gonz\u00e1lez Cabrera (Universidad de Las Palmas de Gran Canaria) Alexandr Torres Krupij (Instituto Canario [&hellip;]<\/p>\n","protected":false},"author":1,"featured_media":0,"parent":0,"menu_order":0,"comment_status":"closed","ping_status":"closed","template":"","meta":{"_background_id":0,"_xo_background":[],"_ti_tpc_template_sync":false,"_ti_tpc_template_id":"","footnotes":""},"class_list":["post-84","page","type-page","status-publish","hentry"],"_links":{"self":[{"href":"https:\/\/lpscapra.ulpgc.es\/index.php?rest_route=\/wp\/v2\/pages\/84"}],"collection":[{"href":"https:\/\/lpscapra.ulpgc.es\/index.php?rest_route=\/wp\/v2\/pages"}],"about":[{"href":"https:\/\/lpscapra.ulpgc.es\/index.php?rest_route=\/wp\/v2\/types\/page"}],"author":[{"embeddable":true,"href":"https:\/\/lpscapra.ulpgc.es\/index.php?rest_route=\/wp\/v2\/users\/1"}],"replies":[{"embeddable":true,"href":"https:\/\/lpscapra.ulpgc.es\/index.php?rest_route=%2Fwp%2Fv2%2Fcomments&post=84"}],"version-history":[{"count":3,"href":"https:\/\/lpscapra.ulpgc.es\/index.php?rest_route=\/wp\/v2\/pages\/84\/revisions"}],"predecessor-version":[{"id":202,"href":"https:\/\/lpscapra.ulpgc.es\/index.php?rest_route=\/wp\/v2\/pages\/84\/revisions\/202"}],"wp:attachment":[{"href":"https:\/\/lpscapra.ulpgc.es\/index.php?rest_route=%2Fwp%2Fv2%2Fmedia&parent=84"}],"curies":[{"name":"wp","href":"https:\/\/api.w.org\/{rel}","templated":true}]}}